{"id":17799,"date":"2024-05-21T14:51:12","date_gmt":"2024-05-21T17:51:12","guid":{"rendered":"https:\/\/futgol.com.br\/portal\/?page_id=17799"},"modified":"2024-05-21T14:57:07","modified_gmt":"2024-05-21T17:57:07","slug":"noticias-2","status":"publish","type":"page","link":"https:\/\/futgol.com.br\/portal\/noticias-2\/","title":{"rendered":"Not\u00edcias Blog"},"content":{"rendered":"\t\t<div data-elementor-type=\"wp-page\" data-elementor-id=\"17799\" class=\"elementor elementor-17799\">\n\t\t\t\t<div class=\"elementor-element elementor-element-331a24b2 e-flex e-con-boxed wpr-particle-no wpr-jarallax-no wpr-parallax-no wpr-sticky-section-no e-con e-parent\" data-id=\"331a24b2\" data-element_type=\"container\" data-settings=\"{&quot;background_background&quot;:&quot;classic&quot;}\">\n\t\t\t\t\t<div class=\"e-con-inner\">\n\t\t\t\t<div class=\"elementor-element elementor-element-58b9d228 exad-sticky-section-no exad-glass-effect-no elementor-widget elementor-widget-heading\" data-id=\"58b9d228\" data-element_type=\"widget\" data-widget_type=\"heading.default\">\n\t\t\t\t<div class=\"elementor-widget-container\">\n\t\t\t<style>\/*! elementor - v3.21.0 - 20-05-2024 *\/\n.elementor-heading-title{padding:0;margin:0;line-height:1}.elementor-widget-heading .elementor-heading-title[class*=elementor-size-]>a{color:inherit;font-size:inherit;line-height:inherit}.elementor-widget-heading .elementor-heading-title.elementor-size-small{font-size:15px}.elementor-widget-heading .elementor-heading-title.elementor-size-medium{font-size:19px}.elementor-widget-heading .elementor-heading-title.elementor-size-large{font-size:29px}.elementor-widget-heading .elementor-heading-title.elementor-size-xl{font-size:39px}.elementor-widget-heading .elementor-heading-title.elementor-size-xxl{font-size:59px}<\/style><h2 class=\"elementor-heading-title elementor-size-default\">Not\u00edcias<\/h2>\t\t<\/div>\n\t\t\t\t<\/div>\n\t\t\t\t\t<\/div>\n\t\t\t\t<\/div>\n\t\t<div class=\"elementor-element elementor-element-16ad038 e-flex e-con-boxed wpr-particle-no wpr-jarallax-no wpr-parallax-no wpr-sticky-section-no e-con e-parent\" data-id=\"16ad038\" data-element_type=\"container\">\n\t\t\t\t\t<div class=\"e-con-inner\">\n\t\t\t\t<div class=\"elementor-element elementor-element-895180b exad-sticky-section-no exad-glass-effect-no elementor-widget elementor-widget-exad-filterable-post\" data-id=\"895180b\" data-element_type=\"widget\" data-widget_type=\"exad-filterable-post.default\">\n\t\t\t\t<div class=\"elementor-widget-container\">\n\t\t\t\r\n\t\t<div class=\"exad-filterable-items exad-filterable-menu-container-align-top\" id =\"exad-filterable-filterable-id-895180b\">\r\n\t\t\t\t\t\t<div class=\"exad-filterable-menu-container\">\r\n\t\t\t\t\t\r\n\t\t<ul class=\"exad-filterable-menu\"  >\r\n\t\t\t<li class=\"filter-item current\"  data-filter=\"*\">\r\n\t\t\t\tAll\t\t\t<\/li>\r\n\t\t\t\t\t\t\t\t<li class=\"filter-item\" data-filter=\".eventos\">\r\n\t\t\t\t\t\tEventos\t\t\t\t\t<\/li>\r\n\t\t\t\t\t\t\t\t\t<li class=\"filter-item\" data-filter=\".institucional\">\r\n\t\t\t\t\t\tInstitucional\t\t\t\t\t<\/li>\r\n\t\t\t\t\t\t\t\t\t<li class=\"filter-item\" data-filter=\".jogos\">\r\n\t\t\t\t\t\tJogos\t\t\t\t\t<\/li>\r\n\t\t\t\t\t\t\t\t\t<li class=\"filter-item\" data-filter=\".noticias\">\r\n\t\t\t\t\t\tNot\u00edcias\t\t\t\t\t<\/li>\r\n\t\t\t\t\t\t\t\t\t<li class=\"filter-item\" data-filter=\".sem-categoria\">\r\n\t\t\t\t\t\tSem categoria\t\t\t\t\t<\/li>\r\n\t\t\t\t\t\t\r\n\t\t<\/ul>\r\n\t\r\n    \t\t\t<\/div>\r\n\t\t\t\t\t\t<div class=\"exad-filterable-controls\">\r\n\t\t\t\t<div class=\"filterable-post-container exad-row-wrapper exad-col-3\" id=\"filters-895180b\">\r\n\t\t\t\t\t\n<article class=\"exad-post-grid-three exad-col  exad-filterable-item noticias sem-categoria\">\n    <div class=\"exad-post-grid-container image-position-top exad-post-grid-equal-height- \">\n                    <figure class=\"exad-post-grid-thumbnail\">\n                <a href=\"https:\/\/futgol.com.br\/portal\/2024\/03\/16\/futgol-recebe-henrique-ex-cruzeiro-durante-estagio-do-curso-de-formacao-de-treinadores-da-cbf-academy\/\">\n                    <img fetchpriority=\"high\" decoding=\"async\" width=\"768\" height=\"512\" src=\"https:\/\/futgol.com.br\/portal\/wp-content\/uploads\/2024\/03\/IMG_0047-768x512.jpg\" class=\"attachment-medium_large size-medium_large wp-post-image\" alt=\"\" \/>                <\/a>\n                \n                            <\/figure>\n        \n        <div class=\"exad-post-grid-body\">\n                            <ul class=\"exad-post-grid-category cat-pos-bottom-left\">\n                    <li><a href=\"https:\/\/futgol.com.br\/portal\/category\/noticias\/\">Not\u00edcias<\/a><\/li> <li><a href=\"https:\/\/futgol.com.br\/portal\/category\/sem-categoria\/\">Sem categoria<\/a><\/li>                <\/ul>\n            \t\t\t\t\n\t\t\t\t\t\t\t\n                    <h3>\n\t\t\t\t\t\n\t\t\t\t\t\t\t\n                        <a href=\"https:\/\/futgol.com.br\/portal\/2024\/03\/16\/futgol-recebe-henrique-ex-cruzeiro-durante-estagio-do-curso-de-formacao-de-treinadores-da-cbf-academy\/\" class=\"exad-post-grid-title\">Futgol recebe Henrique, ex-Cruzeiro, durante est\u00e1gio do curso de forma\u00e7\u00e3o de treinadores da CBF Academy<\/a>\n\t\t\t\t\n\t\t\t\t\t\t\t\t\t\n                    <\/h3>\n\t\t\t\t\t\n\t\t\t\t\t\t\t\t\n                                <div class=\"exad-post-grid-description\">\n                    Clube formador abre as portas para o ex-volante ao longo do curso da Licen\u00e7a B da CBF Academy Tradicional Clube formador, o Futgol recebeu o...                <\/div>\n                            <div class=\"exad-post-footer\"><a href=\"https:\/\/futgol.com.br\/portal\/2024\/03\/16\/futgol-recebe-henrique-ex-cruzeiro-durante-estagio-do-curso-de-formacao-de-treinadores-da-cbf-academy\/\" target=\"_blank\" class=\"read-more\">Ler Mais<\/a><\/div>\n            \n        <\/div>\n            <\/div>\n<\/article>\n\n<article class=\"exad-post-grid-three exad-col  exad-filterable-item jogos\">\n    <div class=\"exad-post-grid-container image-position-top exad-post-grid-equal-height- \">\n                    <figure class=\"exad-post-grid-thumbnail\">\n                <a href=\"https:\/\/futgol.com.br\/portal\/2024\/03\/16\/futgol-estreia-na-imef-e-super-copa-ouro\/\">\n                    <img decoding=\"async\" width=\"768\" height=\"512\" src=\"https:\/\/futgol.com.br\/portal\/wp-content\/uploads\/2024\/03\/IMG_9939-768x512.jpg\" class=\"attachment-medium_large size-medium_large wp-post-image\" alt=\"\" \/>                <\/a>\n                \n                            <\/figure>\n        \n        <div class=\"exad-post-grid-body\">\n                            <ul class=\"exad-post-grid-category cat-pos-bottom-left\">\n                    <li><a href=\"https:\/\/futgol.com.br\/portal\/category\/jogos\/\">Jogos<\/a><\/li>                <\/ul>\n            \t\t\t\t\n\t\t\t\t\t\t\t\n                    <h3>\n\t\t\t\t\t\n\t\t\t\t\t\t\t\n                        <a href=\"https:\/\/futgol.com.br\/portal\/2024\/03\/16\/futgol-estreia-na-imef-e-super-copa-ouro\/\" class=\"exad-post-grid-title\">Futgol estreia na IMEF e Super Copa Ouro<\/a>\n\t\t\t\t\n\t\t\t\t\t\t\t\t\t\n                    <\/h3>\n\t\t\t\t\t\n\t\t\t\t\t\t\t\t\n                                <div class=\"exad-post-grid-description\">\n                    Fora de casa, o Futgol estreou na Supercopa IMEF, neste s\u00e1bado (16\/3), em Betim, contra a equipe do Lokomotiv. Apesar do bom volume apresentado pelo...                <\/div>\n                            <div class=\"exad-post-footer\"><a href=\"https:\/\/futgol.com.br\/portal\/2024\/03\/16\/futgol-estreia-na-imef-e-super-copa-ouro\/\" target=\"_blank\" class=\"read-more\">Ler Mais<\/a><\/div>\n            \n        <\/div>\n            <\/div>\n<\/article>\n\n<article class=\"exad-post-grid-three exad-col  exad-filterable-item jogos\">\n    <div class=\"exad-post-grid-container image-position-top exad-post-grid-equal-height- \">\n                    <figure class=\"exad-post-grid-thumbnail\">\n                <a href=\"https:\/\/futgol.com.br\/portal\/2023\/05\/09\/futgol-estreia-no-campeonato-mineiro-fmf\/\">\n                    <img decoding=\"async\" width=\"768\" height=\"512\" src=\"https:\/\/futgol.com.br\/portal\/wp-content\/uploads\/2023\/05\/314c606b-6e9d-41f4-90b6-1d586a15d9c7-768x512.jpg\" class=\"attachment-medium_large size-medium_large wp-post-image\" alt=\"\" \/>                <\/a>\n                \n                            <\/figure>\n        \n        <div class=\"exad-post-grid-body\">\n                            <ul class=\"exad-post-grid-category cat-pos-bottom-left\">\n                    <li><a href=\"https:\/\/futgol.com.br\/portal\/category\/jogos\/\">Jogos<\/a><\/li>                <\/ul>\n            \t\t\t\t\n\t\t\t\t\t\t\t\n                    <h3>\n\t\t\t\t\t\n\t\t\t\t\t\t\t\n                        <a href=\"https:\/\/futgol.com.br\/portal\/2023\/05\/09\/futgol-estreia-no-campeonato-mineiro-fmf\/\" class=\"exad-post-grid-title\">Futgol estreia no Campeonato Mineiro FMF<\/a>\n\t\t\t\t\n\t\t\t\t\t\t\t\t\t\n                    <\/h3>\n\t\t\t\t\t\n\t\t\t\t\t\t\t\t\n                                <div class=\"exad-post-grid-description\">\n                    Fim de semana movimentado para a fam\u00edlia FUTGOL com as estreias do Sub 15, Sub 17 e Sub 20 no Campeonato Mineiro, os confrontos aconteceram...                <\/div>\n                            <div class=\"exad-post-footer\"><a href=\"https:\/\/futgol.com.br\/portal\/2023\/05\/09\/futgol-estreia-no-campeonato-mineiro-fmf\/\" target=\"_blank\" class=\"read-more\">Ler Mais<\/a><\/div>\n            \n        <\/div>\n            <\/div>\n<\/article>\n\n<article class=\"exad-post-grid-three exad-col  exad-filterable-item cbf-academy licenca-b maisquesonhos noticias sub-15\">\n    <div class=\"exad-post-grid-container image-position-top exad-post-grid-equal-height- \">\n                    <figure class=\"exad-post-grid-thumbnail\">\n                <a href=\"https:\/\/futgol.com.br\/portal\/2022\/02\/10\/treinador-da-categoria-sub-15-inicia-licenca-b-pela-cbf-academy\/\">\n                    <img loading=\"lazy\" decoding=\"async\" width=\"768\" height=\"512\" src=\"https:\/\/futgol.com.br\/portal\/wp-content\/uploads\/2022\/02\/IMG_1721-768x512.jpg\" class=\"attachment-medium_large size-medium_large wp-post-image\" alt=\"\" \/>                <\/a>\n                \n                            <\/figure>\n        \n        <div class=\"exad-post-grid-body\">\n                            <ul class=\"exad-post-grid-category cat-pos-bottom-left\">\n                    <li><a href=\"https:\/\/futgol.com.br\/portal\/category\/noticias\/\">Not\u00edcias<\/a><\/li>                <\/ul>\n            \t\t\t\t\n\t\t\t\t\t\t\t\n                    <h3>\n\t\t\t\t\t\n\t\t\t\t\t\t\t\n                        <a href=\"https:\/\/futgol.com.br\/portal\/2022\/02\/10\/treinador-da-categoria-sub-15-inicia-licenca-b-pela-cbf-academy\/\" class=\"exad-post-grid-title\">Treinador da categoria Sub-17 inicia Licen\u00e7a B pela CBF Academy<\/a>\n\t\t\t\t\n\t\t\t\t\t\t\t\t\t\n                    <\/h3>\n\t\t\t\t\t\n\t\t\t\t\t\t\t\t\n                                <div class=\"exad-post-grid-description\">\n                    Nesta quinta-feira (10), o treinador Bruno Carlos que comanda a nossa categoria Sub-15, inicia o curso de licen\u00e7a B pela CBF Academy. &#8220;\u00c9 uma grande...                <\/div>\n                            <div class=\"exad-post-footer\"><a href=\"https:\/\/futgol.com.br\/portal\/2022\/02\/10\/treinador-da-categoria-sub-15-inicia-licenca-b-pela-cbf-academy\/\" target=\"_blank\" class=\"read-more\">Ler Mais<\/a><\/div>\n            \n        <\/div>\n            <\/div>\n<\/article>\n\n<article class=\"exad-post-grid-three exad-col  exad-filterable-item captacao maisquesonhos noticias pre-temporada sub-14 sub-15 sub-17\">\n    <div class=\"exad-post-grid-container image-position-top exad-post-grid-equal-height- \">\n                    <figure class=\"exad-post-grid-thumbnail\">\n                <a href=\"https:\/\/futgol.com.br\/portal\/2022\/01\/17\/seletiva-de-atletas-em-divinopolis\/\">\n                    <img loading=\"lazy\" decoding=\"async\" width=\"768\" height=\"512\" src=\"https:\/\/futgol.com.br\/portal\/wp-content\/uploads\/2022\/01\/IMG_1290-768x512.jpg\" class=\"attachment-medium_large size-medium_large wp-post-image\" alt=\"\" \/>                <\/a>\n                \n                            <\/figure>\n        \n        <div class=\"exad-post-grid-body\">\n                            <ul class=\"exad-post-grid-category cat-pos-bottom-left\">\n                    <li><a href=\"https:\/\/futgol.com.br\/portal\/category\/noticias\/\">Not\u00edcias<\/a><\/li>                <\/ul>\n            \t\t\t\t\n\t\t\t\t\t\t\t\n                    <h3>\n\t\t\t\t\t\n\t\t\t\t\t\t\t\n                        <a href=\"https:\/\/futgol.com.br\/portal\/2022\/01\/17\/seletiva-de-atletas-em-divinopolis\/\" class=\"exad-post-grid-title\">Seletiva de atletas em Divin\u00f3polis<\/a>\n\t\t\t\t\n\t\t\t\t\t\t\t\t\t\n                    <\/h3>\n\t\t\t\t\t\n\t\t\t\t\t\t\t\t\n                                <div class=\"exad-post-grid-description\">\n                    Na manh\u00e3 deste s\u00e1bado (15), membros da nossa comiss\u00e3o t\u00e9cnica estiveram presentes no Campo do Palmeiras de Divin\u00f3polis para uma seletiva de atletas. Em uma...                <\/div>\n                            <div class=\"exad-post-footer\"><a href=\"https:\/\/futgol.com.br\/portal\/2022\/01\/17\/seletiva-de-atletas-em-divinopolis\/\" target=\"_blank\" class=\"read-more\">Ler Mais<\/a><\/div>\n            \n        <\/div>\n            <\/div>\n<\/article>\n\n<article class=\"exad-post-grid-three exad-col  exad-filterable-item futgol maisquesonhos noticias pre-temporada treino\">\n    <div class=\"exad-post-grid-container image-position-top exad-post-grid-equal-height- \">\n                    <figure class=\"exad-post-grid-thumbnail\">\n                <a href=\"https:\/\/futgol.com.br\/portal\/2022\/01\/14\/futgol-retorna-as-atividades\/\">\n                    <img loading=\"lazy\" decoding=\"async\" width=\"768\" height=\"512\" src=\"https:\/\/futgol.com.br\/portal\/wp-content\/uploads\/2022\/01\/IMG_1035-768x512.jpg\" class=\"attachment-medium_large size-medium_large wp-post-image\" alt=\"\" \/>                <\/a>\n                \n                            <\/figure>\n        \n        <div class=\"exad-post-grid-body\">\n                            <ul class=\"exad-post-grid-category cat-pos-bottom-left\">\n                    <li><a href=\"https:\/\/futgol.com.br\/portal\/category\/noticias\/\">Not\u00edcias<\/a><\/li>                <\/ul>\n            \t\t\t\t\n\t\t\t\t\t\t\t\n                    <h3>\n\t\t\t\t\t\n\t\t\t\t\t\t\t\n                        <a href=\"https:\/\/futgol.com.br\/portal\/2022\/01\/14\/futgol-retorna-as-atividades\/\" class=\"exad-post-grid-title\">Retornamos \u00e0s atividades<\/a>\n\t\t\t\t\n\t\t\t\t\t\t\t\t\t\n                    <\/h3>\n\t\t\t\t\t\n\t\t\t\t\t\t\t\t\n                                <div class=\"exad-post-grid-description\">\n                    Nesta quinta-feira (13), os atletas do Futgol retornaram do per\u00edodo de recesso. Depois de aproveitarem as f\u00e9rias, as categorias voltaram \u00e0 Arena Santa Luzia (Contagem)...                <\/div>\n                            <div class=\"exad-post-footer\"><a href=\"https:\/\/futgol.com.br\/portal\/2022\/01\/14\/futgol-retorna-as-atividades\/\" target=\"_blank\" class=\"read-more\">Ler Mais<\/a><\/div>\n            \n        <\/div>\n            <\/div>\n<\/article>\n\n<article class=\"exad-post-grid-three exad-col  exad-filterable-item categoria-de-base coimbra-sports contrato-profissional maisquesonhos noticias\">\n    <div class=\"exad-post-grid-container image-position-top exad-post-grid-equal-height- \">\n                    <figure class=\"exad-post-grid-thumbnail\">\n                <a href=\"https:\/\/futgol.com.br\/portal\/2021\/09\/03\/atleta-do-futgol-assina-contrato-profissional-com-parceiro-coimbra-sports\/\">\n                    <img loading=\"lazy\" decoding=\"async\" width=\"768\" height=\"578\" src=\"https:\/\/futgol.com.br\/portal\/wp-content\/uploads\/2021\/09\/Victor-Hutter-768x578.jpg\" class=\"attachment-medium_large size-medium_large wp-post-image\" alt=\"\" \/>                <\/a>\n                \n                            <\/figure>\n        \n        <div class=\"exad-post-grid-body\">\n                            <ul class=\"exad-post-grid-category cat-pos-bottom-left\">\n                    <li><a href=\"https:\/\/futgol.com.br\/portal\/category\/noticias\/\">Not\u00edcias<\/a><\/li>                <\/ul>\n            \t\t\t\t\n\t\t\t\t\t\t\t\n                    <h3>\n\t\t\t\t\t\n\t\t\t\t\t\t\t\n                        <a href=\"https:\/\/futgol.com.br\/portal\/2021\/09\/03\/atleta-do-futgol-assina-contrato-profissional-com-parceiro-coimbra-sports\/\" class=\"exad-post-grid-title\">Atleta do Futgol assina contrato profissional com parceiro Coimbra Sports<\/a>\n\t\t\t\t\n\t\t\t\t\t\t\t\t\t\n                    <\/h3>\n\t\t\t\t\t\n\t\t\t\t\t\t\t\t\n                                <div class=\"exad-post-grid-description\">\n                    Essa semana, a nossa cria da base\u00a0Victor Hutter, de 16 anos, assinou seu primeiro contrato como profissional com nosso parceiro Coimbra Sports. Victor foi lateral...                <\/div>\n                            <div class=\"exad-post-footer\"><a href=\"https:\/\/futgol.com.br\/portal\/2021\/09\/03\/atleta-do-futgol-assina-contrato-profissional-com-parceiro-coimbra-sports\/\" target=\"_blank\" class=\"read-more\">Ler Mais<\/a><\/div>\n            \n        <\/div>\n            <\/div>\n<\/article>\n\n<article class=\"exad-post-grid-three exad-col  exad-filterable-item campeonato-mineiro futgol jogos maisquesonhos noticias vitoria\">\n    <div class=\"exad-post-grid-container image-position-top exad-post-grid-equal-height- \">\n                    <figure class=\"exad-post-grid-thumbnail\">\n                <a href=\"https:\/\/futgol.com.br\/portal\/2021\/08\/30\/futgol-vence-mais-uma-pelo-campeonato-mineiro-sub-17\/\">\n                    <img loading=\"lazy\" decoding=\"async\" width=\"768\" height=\"512\" src=\"https:\/\/futgol.com.br\/portal\/wp-content\/uploads\/2021\/08\/Atletas-768x512.jpeg\" class=\"attachment-medium_large size-medium_large wp-post-image\" alt=\"\" \/>                <\/a>\n                \n                            <\/figure>\n        \n        <div class=\"exad-post-grid-body\">\n                            <ul class=\"exad-post-grid-category cat-pos-bottom-left\">\n                    <li><a href=\"https:\/\/futgol.com.br\/portal\/category\/jogos\/\">Jogos<\/a><\/li> <li><a href=\"https:\/\/futgol.com.br\/portal\/category\/noticias\/\">Not\u00edcias<\/a><\/li>                <\/ul>\n            \t\t\t\t\n\t\t\t\t\t\t\t\n                    <h3>\n\t\t\t\t\t\n\t\t\t\t\t\t\t\n                        <a href=\"https:\/\/futgol.com.br\/portal\/2021\/08\/30\/futgol-vence-mais-uma-pelo-campeonato-mineiro-sub-17\/\" class=\"exad-post-grid-title\">Futgol vence mais uma pelo Campeonato Mineiro Sub-17<\/a>\n\t\t\t\t\n\t\t\t\t\t\t\t\t\t\n                    <\/h3>\n\t\t\t\t\t\n\t\t\t\t\t\t\t\t\n                                <div class=\"exad-post-grid-description\">\n                    Pela segunda rodada do Campeonato Mineiro Sub-17, o Futgol venceu a equipe do Santarritense e somou mais 3 pontos na competi\u00e7\u00e3o. O jogo que foi...                <\/div>\n                            <div class=\"exad-post-footer\"><a href=\"https:\/\/futgol.com.br\/portal\/2021\/08\/30\/futgol-vence-mais-uma-pelo-campeonato-mineiro-sub-17\/\" target=\"_blank\" class=\"read-more\">Ler Mais<\/a><\/div>\n            \n        <\/div>\n            <\/div>\n<\/article>\n\n<article class=\"exad-post-grid-three exad-col  exad-filterable-item campeonato-mineiro estreia futgol jogos maisquesonhos noticias vitoria\">\n    <div class=\"exad-post-grid-container image-position-top exad-post-grid-equal-height- \">\n                    <figure class=\"exad-post-grid-thumbnail\">\n                <a href=\"https:\/\/futgol.com.br\/portal\/2021\/08\/25\/futgol-estreia-no-campeonato-mineiro-sub-17-com-vitoria\/\">\n                    <img loading=\"lazy\" decoding=\"async\" width=\"768\" height=\"548\" src=\"https:\/\/futgol.com.br\/portal\/wp-content\/uploads\/2021\/08\/Estadio-Jose-Maria-Melo-768x548.jpg\" class=\"attachment-medium_large size-medium_large wp-post-image\" alt=\"\" \/>                <\/a>\n                \n                            <\/figure>\n        \n        <div class=\"exad-post-grid-body\">\n                            <ul class=\"exad-post-grid-category cat-pos-bottom-left\">\n                    <li><a href=\"https:\/\/futgol.com.br\/portal\/category\/jogos\/\">Jogos<\/a><\/li> <li><a href=\"https:\/\/futgol.com.br\/portal\/category\/noticias\/\">Not\u00edcias<\/a><\/li>                <\/ul>\n            \t\t\t\t\n\t\t\t\t\t\t\t\n                    <h3>\n\t\t\t\t\t\n\t\t\t\t\t\t\t\n                        <a href=\"https:\/\/futgol.com.br\/portal\/2021\/08\/25\/futgol-estreia-no-campeonato-mineiro-sub-17-com-vitoria\/\" class=\"exad-post-grid-title\">Futgol estreia no Campeonato Mineiro Sub-17 com vit\u00f3ria<\/a>\n\t\t\t\t\n\t\t\t\t\t\t\t\t\t\n                    <\/h3>\n\t\t\t\t\t\n\t\t\t\t\t\t\t\t\n                                <div class=\"exad-post-grid-description\">\n                    A equipe do Futgol fez neste s\u00e1bado (21\/08\/21) sua estreia no Campeonato Mineiro Sub-17 contra a equipe do Funorte, fora de casa. Os atletas e...                <\/div>\n                            <div class=\"exad-post-footer\"><a href=\"https:\/\/futgol.com.br\/portal\/2021\/08\/25\/futgol-estreia-no-campeonato-mineiro-sub-17-com-vitoria\/\" target=\"_blank\" class=\"read-more\">Ler Mais<\/a><\/div>\n            \n        <\/div>\n            <\/div>\n<\/article>\n\t\t\t\t<\/div>\r\n\t\t\t<\/div>\r\n\t\t<\/div>\r\n    \t\t\t<\/div>\n\t\t\t\t<\/div>\n\t\t\t\t\t<\/div>\n\t\t\t\t<\/div>\n\t\t\t\t<\/div>\n\t\t","protected":false},"excerpt":{"rendered":"<p>Not\u00edcias Tudo Eventos Institucional Jogos Not\u00edcias Sem categoria Not\u00edcias Sem categoria Futgol recebe Henrique, ex-Cruzeiro, durante est\u00e1gio do curso de forma\u00e7\u00e3o de treinadores da CBF Academy Clube formador abre as portas para o ex-volante ao longo do curso da Licen\u00e7a B da CBF Academy Tradicional Clube formador, o Futgol recebeu o&#8230; Ler Mais Jogos Futgol [&hellip;]<\/p>\n","protected":false},"author":1,"featured_media":0,"parent":0,"menu_order":0,"comment_status":"closed","ping_status":"closed","template":"","meta":{"footnotes":""},"_links":{"self":[{"href":"https:\/\/futgol.com.br\/portal\/wp-json\/wp\/v2\/pages\/17799"}],"collection":[{"href":"https:\/\/futgol.com.br\/portal\/wp-json\/wp\/v2\/pages"}],"about":[{"href":"https:\/\/futgol.com.br\/portal\/wp-json\/wp\/v2\/types\/page"}],"author":[{"embeddable":true,"href":"https:\/\/futgol.com.br\/portal\/wp-json\/wp\/v2\/users\/1"}],"replies":[{"embeddable":true,"href":"https:\/\/futgol.com.br\/portal\/wp-json\/wp\/v2\/comments?post=17799"}],"version-history":[{"count":5,"href":"https:\/\/futgol.com.br\/portal\/wp-json\/wp\/v2\/pages\/17799\/revisions"}],"predecessor-version":[{"id":17806,"href":"https:\/\/futgol.com.br\/portal\/wp-json\/wp\/v2\/pages\/17799\/revisions\/17806"}],"wp:attachment":[{"href":"https:\/\/futgol.com.br\/portal\/wp-json\/wp\/v2\/media?parent=17799"}],"curies":[{"name":"wp","href":"https:\/\/api.w.org\/{rel}","templated":true}]}}