{"id":16608,"date":"2018-10-29T13:47:47","date_gmt":"2018-10-29T16:47:47","guid":{"rendered":"https:\/\/futgol.com.br\/portal\/?page_id=16608"},"modified":"2024-05-21T14:46:48","modified_gmt":"2024-05-21T17:46:48","slug":"profissionais","status":"publish","type":"page","link":"https:\/\/futgol.com.br\/portal\/profissionais\/","title":{"rendered":"Profissionais"},"content":{"rendered":"\t\t<div data-elementor-type=\"wp-page\" data-elementor-id=\"16608\" class=\"elementor elementor-16608\">\n\t\t\t\t<div class=\"elementor-element elementor-element-97f1e33 e-flex e-con-boxed wpr-particle-no wpr-jarallax-no wpr-parallax-no wpr-sticky-section-no e-con e-parent\" data-id=\"97f1e33\" data-element_type=\"container\" data-settings=\"{&quot;background_background&quot;:&quot;classic&quot;}\">\n\t\t\t\t\t<div class=\"e-con-inner\">\n\t\t\t\t<div class=\"elementor-element elementor-element-657f283 exad-sticky-section-no exad-glass-effect-no elementor-widget elementor-widget-heading\" data-id=\"657f283\" data-element_type=\"widget\" data-widget_type=\"heading.default\">\n\t\t\t\t<div class=\"elementor-widget-container\">\n\t\t\t<style>\/*! elementor - v3.21.0 - 20-05-2024 *\/\n.elementor-heading-title{padding:0;margin:0;line-height:1}.elementor-widget-heading .elementor-heading-title[class*=elementor-size-]>a{color:inherit;font-size:inherit;line-height:inherit}.elementor-widget-heading .elementor-heading-title.elementor-size-small{font-size:15px}.elementor-widget-heading .elementor-heading-title.elementor-size-medium{font-size:19px}.elementor-widget-heading .elementor-heading-title.elementor-size-large{font-size:29px}.elementor-widget-heading .elementor-heading-title.elementor-size-xl{font-size:39px}.elementor-widget-heading .elementor-heading-title.elementor-size-xxl{font-size:59px}<\/style><h2 class=\"elementor-heading-title elementor-size-default\">Profissionais<\/h2>\t\t<\/div>\n\t\t\t\t<\/div>\n\t\t\t\t\t<\/div>\n\t\t\t\t<\/div>\n\t\t<div class=\"elementor-element elementor-element-76b0755b e-flex e-con-boxed wpr-particle-no wpr-jarallax-no wpr-parallax-no wpr-sticky-section-no e-con e-parent\" data-id=\"76b0755b\" data-element_type=\"container\">\n\t\t\t\t\t<div class=\"e-con-inner\">\n\t\t\t\t<div class=\"elementor-element elementor-element-240ec63c exad-sticky-section-no exad-glass-effect-no elementor-widget elementor-widget-text-editor\" data-id=\"240ec63c\" data-element_type=\"widget\" data-widget_type=\"text-editor.default\">\n\t\t\t\t<div class=\"elementor-widget-container\">\n\t\t\t<style>\/*! elementor - v3.21.0 - 20-05-2024 *\/\n.elementor-widget-text-editor.elementor-drop-cap-view-stacked .elementor-drop-cap{background-color:#69727d;color:#fff}.elementor-widget-text-editor.elementor-drop-cap-view-framed .elementor-drop-cap{color:#69727d;border:3px solid;background-color:transparent}.elementor-widget-text-editor:not(.elementor-drop-cap-view-default) .elementor-drop-cap{margin-top:8px}.elementor-widget-text-editor:not(.elementor-drop-cap-view-default) .elementor-drop-cap-letter{width:1em;height:1em}.elementor-widget-text-editor .elementor-drop-cap{float:left;text-align:center;line-height:1;font-size:50px}.elementor-widget-text-editor .elementor-drop-cap-letter{display:inline-block}<\/style>\t\t\t\t<p><div class=\"tmm tmm_equipe-futgol\"><div class=\"tmm_3_columns tmm_wrap tmm_theme_f\"><span class=\"tmm_two_containers_tablet\"><\/span><div class=\"tmm_container\"><div class=\"tmm_member\" style=\"border-top:#0066bf solid 5px;\"><div class=\"tmm_photo tmm_pic_equipe-futgol_0\" style=\"background: url(https:\/\/futgol.com.br\/portal\/wp-content\/uploads\/2020\/04\/Ricardo-Guedes-4.jpg); margin-left: auto; margin-right:auto; background-size:cover !important;\"><\/div><div class=\"tmm_textblock\"><div class=\"tmm_names\"><span class=\"tmm_fname\">Ricardo Guedes<\/span> <\/div><div class=\"tmm_job\">Executivo de Futebol<\/div><div class=\"tmm_desc\" style=\"text-align:\"><p>CREF 023367-P\/MG<\/p><p>&#8211; Membro ABEX<br>&#8211; Executivo de Futebol &#8211; CBF Academy<br>&#8211; Coordena\u00e7\u00e3o de Base &#8211; CBF Academy<br>&#8211; Licen\u00e7a B e C &#8211; CBF Academy <br>&#8211; Gest\u00e3o T\u00e9cnica &#8211; Universidade do Futebol<br>&#8211; Global Football Management Lisboa &#8211; Portugal<br>&#8211; Supervisor de Futebol &#8211; Federa\u00e7\u00e3o Paulista de Futebol<br>&#8211; Imers\u00e3o Alexandre Mattos Turmas 1 e 2<br>&#8211; Gestor de Futebol &#8211; Felipe Ximenes<br>&#8211; Gest\u00e3o de Base na Pr\u00e1tica &#8211; Portal da Base Brasil<\/p><\/div><div class=\"tmm_scblock\"><\/div><\/div><\/div><div class=\"tmm_member\" style=\"border-top:#0066bf solid 5px;\"><div class=\"tmm_photo tmm_pic_equipe-futgol_1\" style=\"background: url(https:\/\/futgol.com.br\/portal\/wp-content\/uploads\/2018\/11\/Formigoni-1.jpg); margin-left: auto; margin-right:auto; background-size:cover !important;\"><\/div><div class=\"tmm_textblock\"><div class=\"tmm_names\"><span class=\"tmm_fname\">Leandro Formigoni<\/span> <\/div><div class=\"tmm_job\">Treinador Sub 20<\/div><div class=\"tmm_desc\" style=\"text-align:\"><div class=\"team-member-bio\"><p>CREF 106599-G\/SP<\/p><p>&#8211; Especializa\u00e7\u00e3o em Futebol <br>(Univ. Federal de Vi\u00e7osa &#8211; UFV)<br>&#8211; Licen\u00e7a A Treinador (CBF Academy)<br>&#8211; Licen\u00e7a B Treinador (CBF Academy)<br>&#8211; Licen\u00e7a C Treinador (CBF Academy)<\/p><\/div><\/div><div class=\"tmm_scblock\"><\/div><\/div><\/div><span class=\"tmm_two_containers_tablet\"><\/span><div class=\"tmm_member\" style=\"border-top:#0066bf solid 5px;\"><div class=\"tmm_photo tmm_pic_equipe-futgol_2\" style=\"background: url(https:\/\/futgol.com.br\/portal\/wp-content\/uploads\/2018\/11\/Formiga.jpg); margin-left: auto; margin-right:auto; background-size:cover !important;\"><\/div><div class=\"tmm_textblock\"><div class=\"tmm_names\"><span class=\"tmm_fname\">Jo\u00e3o Malta<\/span> <\/div><div class=\"tmm_job\">Auxiliar T\u00e9cnico Sub 20<\/div><div class=\"tmm_scblock\"><\/div><\/div><\/div><\/div><span class=\"tmm_columns_containers_desktop\"><\/span><div class=\"tmm_container\"><div class=\"tmm_member\" style=\"border-top:#0066bf solid 5px;\"><div class=\"tmm_photo tmm_pic_equipe-futgol_3\" style=\"background: url(https:\/\/futgol.com.br\/portal\/wp-content\/uploads\/2018\/11\/Rebert.jpg); margin-left: auto; margin-right:auto; background-size:cover !important;\"><\/div><div class=\"tmm_textblock\"><div class=\"tmm_names\"><span class=\"tmm_fname\">Rebert Almeida<\/span> <\/div><div class=\"tmm_job\">Preparador F\u00edsico Sub 20<\/div><div class=\"tmm_desc\" style=\"text-align:\"><p>CREF: 033280-G\/MG<\/p><p>Bacharelado em Educa\u00e7\u00e3o F\u00edsica &#8211; Unibh<br>P\u00f3s Graduado em Fisiologia do Exerc\u00edcio e Prescri\u00e7\u00e3o do Treinamento &#8211; CBEFIS<br>Licen\u00e7a B &#8211; Prepara\u00e7\u00e3o F\u00edsica das Categorias de Base &#8211; CBF Academy<br>Prepara\u00e7\u00e3o F\u00edsica Periodiza\u00e7\u00e3o e Controle do Treinamento &#8211; Ci\u00eancia da Bola<br>Prepara\u00e7\u00e3o F\u00edsica Pro &#8211; Futebol Interativo<\/p><\/div><div class=\"tmm_scblock\"><\/div><\/div><\/div><span class=\"tmm_two_containers_tablet\"><\/span><div class=\"tmm_member\" style=\"border-top:#0066bf solid 5px;\"><div class=\"tmm_photo tmm_pic_equipe-futgol_4\" style=\"background: url(https:\/\/futgol.com.br\/portal\/wp-content\/uploads\/2018\/11\/Igor.jpg); margin-left: auto; margin-right:auto; background-size:cover !important;\"><\/div><div class=\"tmm_textblock\"><div class=\"tmm_names\"><span class=\"tmm_fname\">Igor Lima<\/span> <\/div><div class=\"tmm_job\">Fisioterapeuta Sub 20 e Coordenador da Fisioterapia<\/div><div class=\"tmm_desc\" style=\"text-align:\"><p>Crefito: 343593-F<\/p><p>Bacharel em Fisioterapia- Mauricio de Nassau<br>Especializa\u00e7\u00e3o internacional em fisioterapia esportiva(FISIOWORK)<br>P\u00f3s graduado em fisiologia do exerc\u00edcio(Uniamerica)<br>Fisioterapia no futebol (CBF Academy)<\/p><\/div><div class=\"tmm_scblock\"><\/div><\/div><\/div><div class=\"tmm_member\" style=\"border-top:#0066bf solid 5px;\"><div class=\"tmm_photo tmm_pic_equipe-futgol_5\" style=\"background: url(https:\/\/futgol.com.br\/portal\/wp-content\/uploads\/2018\/11\/Daniel.jpg); margin-left: auto; margin-right:auto; background-size:cover !important;\"><\/div><div class=\"tmm_textblock\"><div class=\"tmm_names\"><span class=\"tmm_fname\">Daniel Lucca<\/span> <\/div><div class=\"tmm_job\">Preparador de Goleiros<\/div><div class=\"tmm_desc\" style=\"text-align:\"><p>Bacharel em educa\u00e7\u00e3o f\u00edsica &#8211; UNA<\/p><p>Planejamento e Organiza\u00e7\u00e3o do Treinamento de Goleiros- Liga brasileira de goleiros<\/p><\/div><div class=\"tmm_scblock\"><\/div><\/div><\/div><span class=\"tmm_two_containers_tablet\"><\/span><\/div><span class=\"tmm_columns_containers_desktop\"><\/span><div class=\"tmm_container\"><div class=\"tmm_member\" style=\"border-top:#0066bf solid 5px;\"><div class=\"tmm_photo tmm_pic_equipe-futgol_6\" style=\"background: url(https:\/\/futgol.com.br\/portal\/wp-content\/uploads\/2018\/11\/Pedro.jpg); margin-left: auto; margin-right:auto; background-size:cover !important;\"><\/div><div class=\"tmm_textblock\"><div class=\"tmm_names\"><span class=\"tmm_fname\">Pedro Magalh\u00e3es<\/span> <\/div><div class=\"tmm_job\">Analista de Desempenho Sub 20<\/div><div class=\"tmm_scblock\"><\/div><\/div><\/div><div class=\"tmm_member\" style=\"border-top:#0066bf solid 5px;\"><div class=\"tmm_photo tmm_pic_equipe-futgol_7\" style=\"background: url(https:\/\/futgol.com.br\/portal\/wp-content\/uploads\/2018\/11\/Juninho.jpg); margin-left: auto; margin-right:auto; background-size:cover !important;\"><\/div><div class=\"tmm_textblock\"><div class=\"tmm_names\"><span class=\"tmm_fname\">Eust\u00e1quio Junior<\/span> <\/div><div class=\"tmm_job\">Treinador Sub 17<\/div><div class=\"tmm_desc\" style=\"text-align:\"><p>CREF: MG-049648<\/p><p>Bacharel em Educa\u00e7\u00e3o F\u00edsica- Centro Universit\u00e1rio Uninter<\/p><p>Gest\u00e3o de Tempo Produtividade e Comportamento Humano (PUC- Pontif\u00edcia Universidade Cat\u00f3lica de Minas Gerais) <br>Conte\u00fados, Planejamentos e Desenvolvimento do Treinamento nas Categorias de Base (Leandro zago) <br>T\u00e9cnica e a T\u00e1tica do Futebol (Diogo Giacomini) <br>Novo Conceito da Forma\u00e7\u00e3o do Jogador de Futebol na Categoria de Base <br>Forma\u00e7\u00e3o e Desenvolvimento de Treinadores de Futebol (FDTF) <br>An\u00e1lise de desempenho no futebol conceitos introdut\u00f3rios e princ\u00edpios t\u00e1ticos \u2013 unigra <br>\u2060Treinamento com pequenos Jogos (Marcelo Vilhena)<\/p><\/div><div class=\"tmm_scblock\"><\/div><\/div><\/div><span class=\"tmm_two_containers_tablet\"><\/span><div class=\"tmm_member\" style=\"border-top:#0066bf solid 5px;\"><div class=\"tmm_photo tmm_pic_equipe-futgol_8\" style=\"background: url(https:\/\/futgol.com.br\/portal\/wp-content\/uploads\/2018\/11\/Ian.jpg); margin-left: auto; margin-right:auto; background-size:cover !important;\"><\/div><div class=\"tmm_textblock\"><div class=\"tmm_names\"><span class=\"tmm_fname\">Ian Guedes<\/span> <\/div><div class=\"tmm_job\">Analista Desempenho Sub 17<\/div><div class=\"tmm_scblock\"><\/div><\/div><\/div><\/div><span class=\"tmm_columns_containers_desktop\"><\/span><div class=\"tmm_container\"><div class=\"tmm_member\" style=\"border-top:#0066bf solid 5px;\"><div class=\"tmm_photo tmm_pic_equipe-futgol_9\" style=\"background: url(https:\/\/futgol.com.br\/portal\/wp-content\/uploads\/2018\/11\/Angelo.jpg); margin-left: auto; margin-right:auto; background-size:cover !important;\"><\/div><div class=\"tmm_textblock\"><div class=\"tmm_names\"><span class=\"tmm_fname\">Angelo Henrique<\/span> <\/div><div class=\"tmm_job\">Treinador Sub 15<\/div><div class=\"tmm_desc\" style=\"text-align:\"><p>CREF: 018864 G\/MG<\/p><p>Especialista em Treinamento Esportivo &#8211; UFMG<br>Licen\u00e7a C Treinador (CBF Academy)<br>Licen\u00e7a B Treinador (CBF Academy) Cursando em breve<br>Treinamento Desportivo FIEP<br>Fisiologia do Exerc\u00edcio FIEP<br>SOCCER Science Center &#8211; UFMG<\/p><\/div><div class=\"tmm_scblock\"><\/div><\/div><\/div><span class=\"tmm_two_containers_tablet\"><\/span><div class=\"tmm_member\" style=\"border-top:#0066bf solid 5px;\"><div class=\"tmm_photo tmm_pic_equipe-futgol_10\" style=\"background: url(https:\/\/futgol.com.br\/portal\/wp-content\/uploads\/2018\/11\/Raphael-1.jpg); margin-left: auto; margin-right:auto; background-size:cover !important;\"><\/div><div class=\"tmm_textblock\"><div class=\"tmm_names\"><span class=\"tmm_fname\">Raphael Henrique<\/span> <\/div><div class=\"tmm_job\">Preparador F\u00edsico Sub 15\/17<\/div><div class=\"tmm_desc\" style=\"text-align:\"><p>CREF: 26527-G\/MG<\/p><p>Bacharel em Educa\u00e7\u00e3o f\u00edsica .<\/p><p>P\u00f3s Gradua\u00e7\u00e3o em Treinamento esportivo e fisiologia do esporte.<\/p><p>Licen\u00e7a de Prepara\u00e7\u00e3o F\u00edsica de Base (CBF Academy).<\/p><\/div><div class=\"tmm_scblock\"><\/div><\/div><\/div><div class=\"tmm_member\" style=\"border-top:#0066bf solid 5px;\"><div class=\"tmm_photo tmm_pic_equipe-futgol_11\" style=\"background: url(https:\/\/futgol.com.br\/portal\/wp-content\/uploads\/2018\/11\/Lucas.jpg); margin-left: auto; margin-right:auto; background-size:cover !important;\"><\/div><div class=\"tmm_textblock\"><div class=\"tmm_names\"><span class=\"tmm_fname\">Lucas Fonseca<\/span> <\/div><div class=\"tmm_job\">Treinador Sub 14<\/div><div class=\"tmm_desc\" style=\"text-align:\"><p>.CREF: 052258-G\/MG;<br><br>Licen\u00e7a C \u2013 CBF Academy;<br>Modelo de Jogo \u2013 Futebol Interativo;<br>Introduction to Talent Identification \u2013 The FA;<br>Tomada de decis\u00e3o: Uma abordagem t\u00e1tica do jogo \u2013 Futebol Interativo;<br>Inicia\u00e7\u00e3o e futebol de base \u2013 Futebol Interativo;<\/p><\/div><div class=\"tmm_scblock\"><\/div><\/div><\/div><span class=\"tmm_two_containers_tablet\"><\/span><\/div><span class=\"tmm_columns_containers_desktop\"><\/span><div class=\"tmm_container\"><div class=\"tmm_member\" style=\"border-top:#0066bf solid 5px;\"><div class=\"tmm_photo tmm_pic_equipe-futgol_12\" style=\"background: url(https:\/\/futgol.com.br\/portal\/wp-content\/uploads\/2018\/11\/Eric.jpg); margin-left: auto; margin-right:auto; background-size:cover !important;\"><\/div><div class=\"tmm_textblock\"><div class=\"tmm_names\"><span class=\"tmm_fname\">Eric Yuri<\/span> <\/div><div class=\"tmm_job\">Preparador F\u00edsico Sub 13\/14<\/div><div class=\"tmm_desc\" style=\"text-align:\"><p>Bacharel em Educa\u00e7\u00e3o F\u00edsica- Uniasselvi<\/p><p>Especializa\u00e7\u00e3o em Prepara\u00e7\u00e3o F\u00edsica e Recovery- Futebol Interativo<br>Bases Biomec\u00e2nicas do Futebol &#8211; Ci\u00eancia da Bola <br>Curso o Futsal e o Futebol de BASE \u2013Coordenador de Futsal do Flamengo Edson Junior<\/p><\/div><div class=\"tmm_scblock\"><\/div><\/div><\/div><div class=\"tmm_member\" style=\"border-top:#0066bf solid 5px;\"><div class=\"tmm_photo tmm_pic_equipe-futgol_13\" style=\"background: url(https:\/\/futgol.com.br\/portal\/wp-content\/uploads\/2018\/11\/Bruno.jpg); margin-left: auto; margin-right:auto; background-size:cover !important;\"><\/div><div class=\"tmm_textblock\"><div class=\"tmm_names\"><span class=\"tmm_fname\">Bruno Duarte<\/span> <\/div><div class=\"tmm_job\">Treinador Sub 12<\/div><div class=\"tmm_scblock\"><\/div><\/div><\/div><span class=\"tmm_two_containers_tablet\"><\/span><div class=\"tmm_member\" style=\"border-top:#0066bf solid 5px;\"><div class=\"tmm_photo tmm_pic_equipe-futgol_14\" style=\"background: url(https:\/\/futgol.com.br\/portal\/wp-content\/uploads\/2018\/11\/Felipe.jpg); margin-left: auto; margin-right:auto; background-size:cover !important;\"><\/div><div class=\"tmm_textblock\"><div class=\"tmm_names\"><span class=\"tmm_fname\">Felipe Alvim<\/span> <\/div><div class=\"tmm_job\">Treinador Sub 10<\/div><div class=\"tmm_desc\" style=\"text-align:\"><p>Cref: 027435-G\/MG<\/p><p>Bacharel em Educa\u00e7\u00e3o F\u00edsica &#8211; UNIVERSO<br>Licen\u00e7a C Treinador (CBF Academy)<br>Licen\u00e7a B Treinador (CBF Academy)<br>Desenvolvimento do Talento: A Escola Brasileira (CBF Academy)<br>Futsal e Futebol: Desenvolvimento de Talentos (CBF Academy)<\/p><\/div><div class=\"tmm_scblock\"><\/div><\/div><\/div><div style=\"clear:both;\"><\/div><\/div><\/div><\/div><\/p>\t\t\t\t\t\t<\/div>\n\t\t\t\t<\/div>\n\t\t\t\t\t<\/div>\n\t\t\t\t<\/div>\n\t\t\t\t<\/div>\n\t\t","protected":false},"excerpt":{"rendered":"<p>Profissionais<\/p>\n","protected":false},"author":1,"featured_media":0,"parent":0,"menu_order":0,"comment_status":"closed","ping_status":"closed","template":"","meta":{"footnotes":""},"_links":{"self":[{"href":"https:\/\/futgol.com.br\/portal\/wp-json\/wp\/v2\/pages\/16608"}],"collection":[{"href":"https:\/\/futgol.com.br\/portal\/wp-json\/wp\/v2\/pages"}],"about":[{"href":"https:\/\/futgol.com.br\/portal\/wp-json\/wp\/v2\/types\/page"}],"author":[{"embeddable":true,"href":"https:\/\/futgol.com.br\/portal\/wp-json\/wp\/v2\/users\/1"}],"replies":[{"embeddable":true,"href":"https:\/\/futgol.com.br\/portal\/wp-json\/wp\/v2\/comments?post=16608"}],"version-history":[{"count":16,"href":"https:\/\/futgol.com.br\/portal\/wp-json\/wp\/v2\/pages\/16608\/revisions"}],"predecessor-version":[{"id":17792,"href":"https:\/\/futgol.com.br\/portal\/wp-json\/wp\/v2\/pages\/16608\/revisions\/17792"}],"wp:attachment":[{"href":"https:\/\/futgol.com.br\/portal\/wp-json\/wp\/v2\/media?parent=16608"}],"curies":[{"name":"wp","href":"https:\/\/api.w.org\/{rel}","templated":true}]}}